{"id":16,"date":"2018-06-29T10:05:27","date_gmt":"2018-06-29T08:05:27","guid":{"rendered":"http:\/\/staging.kylotonn.com\/?page_id=16"},"modified":"2025-11-06T09:57:02","modified_gmt":"2025-11-06T08:57:02","slug":"accueil","status":"publish","type":"page","link":"https:\/\/staging.kylotonn.com\/en\/","title":{"rendered":"Home"},"content":{"rendered":"<div data-elementor-type=\"wp-page\" data-elementor-id=\"16\" class=\"elementor elementor-16\" data-elementor-post-type=\"page\">\n\t\t\t\t<div class=\"elementor-element elementor-element-65c7df4 e-con-full animated-fast videoIntro e-flex elementor-invisible e-con e-parent\" data-id=\"65c7df4\" data-element_type=\"container\" data-settings=\"{&quot;background_background&quot;:&quot;video&quot;,&quot;background_video_link&quot;:&quot;https:\\\/\\\/www.youtube.com\\\/watch?v=-iZBTAKOGSI&quot;,&quot;background_video_start&quot;:0,&quot;background_play_on_mobile&quot;:&quot;yes&quot;,&quot;background_privacy_mode&quot;:&quot;yes&quot;,&quot;animation&quot;:&quot;slideInLeft&quot;,&quot;animation_delay&quot;:3000}\">\n\t\t<div class=\"elementor-background-video-container\" aria-hidden=\"true\">\n\t\t\t\t\t\t\t<div class=\"elementor-background-video-embed\"><\/div>\n\t\t\t\t\t\t<\/div><div class=\"elementor-element elementor-element-8b89678 e-con-full e-flex e-con e-child\" data-id=\"8b89678\" data-element_type=\"container\">\n\t\t\t\t<\/div>\n\t\t\t\t<\/div>\n\t\t<div class=\"elementor-element elementor-element-c4f9a9c e-con-full e-flex e-con e-parent\" data-id=\"c4f9a9c\" data-element_type=\"container\">\n\t\t<div class=\"elementor-element elementor-element-8ff2cb3 e-con-full e-flex e-con e-child\" data-id=\"8ff2cb3\" data-element_type=\"container\">\n\t\t\t\t<div class=\"elementor-element elementor-element-c7cfc51 bgHomeImg elementor-widget elementor-widget-text-editor\" data-id=\"c7cfc51\" data-element_type=\"widget\" data-widget_type=\"text-editor.default\">\n\t\t\t\t<div class=\"elementor-widget-container\">\n\t\t\t\t\t\t\t\t\t<p>.<\/p>\t\t\t\t\t\t\t\t<\/div>\n\t\t\t\t<\/div>\n\t\t\t\t<div class=\"elementor-element elementor-element-4a74500 elementor-view-default elementor-widget elementor-widget-icon\" data-id=\"4a74500\" data-element_type=\"widget\" data-widget_type=\"icon.default\">\n\t\t\t\t<div class=\"elementor-widget-container\">\n\t\t\t\t\t\t\t<div class=\"elementor-icon-wrapper\">\n\t\t\t<a class=\"elementor-icon\" href=\"#Home1\">\n\t\t\t<svg xmlns=\"http:\/\/www.w3.org\/2000\/svg\" id=\"a\" data-name=\"Layer 1\" width=\"30\" height=\"30\" viewbox=\"0 0 30 30\"><path d=\"M15.04,1c7.72,0,14,6.28,14,14s-6.28,14-14,14S1.04,22.72,1.04,15,7.32,1,15.04,1M15.04,0C6.756,0,.04,6.716.04,15s6.716,15,15,15,15-6.716,15-15S23.324,0,15.04,0h0Z\" fill=\"#fff\" stroke-width=\"0\"><\/path><polygon points=\"15.04 19.961 7.627 12.549 8.334 11.842 15.04 18.547 21.745 11.842 22.452 12.549 15.04 19.961\" fill=\"#fff\" stroke-width=\"0\"><\/polygon><\/svg>\t\t\t<\/a>\n\t\t<\/div>\n\t\t\t\t\t\t<\/div>\n\t\t\t\t<\/div>\n\t\t\t\t<\/div>\n\t\t\t\t<\/div>\n\t\t<div class=\"elementor-element elementor-element-a552c41 e-con-full e-flex e-con e-parent\" data-id=\"a552c41\" data-element_type=\"container\" id=\"Home1\">\n\t\t\t\t<div class=\"elementor-element elementor-element-6d6865f elementor-widget elementor-widget-heading\" data-id=\"6d6865f\" data-element_type=\"widget\" data-widget_type=\"heading.default\">\n\t\t\t\t<div class=\"elementor-widget-container\">\n\t\t\t\t\t<h2 class=\"elementor-heading-title elementor-size-default translation-block\">Specialized video game development<br>studio for motor sports<\/h2>\t\t\t\t<\/div>\n\t\t\t\t<\/div>\n\t\t\t\t<div class=\"elementor-element elementor-element-95dad05 elementor-align-center BoutonLearnMore elementor-widget elementor-widget-button\" data-id=\"95dad05\" data-element_type=\"widget\" data-widget_type=\"button.default\">\n\t\t\t\t<div class=\"elementor-widget-container\">\n\t\t\t\t\t\t\t\t\t<div class=\"elementor-button-wrapper\">\n\t\t\t\t\t<a class=\"elementor-button elementor-button-link elementor-size-md\" href=\"\/en\/studio\/\">\n\t\t\t\t\t\t<span class=\"elementor-button-content-wrapper\">\n\t\t\t\t\t\t\t\t\t<span class=\"elementor-button-text\">MORE INFORMATION<\/span>\n\t\t\t\t\t<\/span>\n\t\t\t\t\t<\/a>\n\t\t\t\t<\/div>\n\t\t\t\t\t\t\t\t<\/div>\n\t\t\t\t<\/div>\n\t\t\t\t<\/div>\n\t\t<div class=\"elementor-element elementor-element-a87c2e9 e-con-full e-flex e-con e-parent\" data-id=\"a87c2e9\" data-element_type=\"container\">\n\t\t\t\t<div class=\"elementor-element elementor-element-8e00d56 elementor-widget elementor-widget-text-editor\" data-id=\"8e00d56\" data-element_type=\"widget\" id=\"KTEngineHomepage\" data-widget_type=\"text-editor.default\">\n\t\t\t\t<div class=\"elementor-widget-container\">\n\t\t\t\t\t\t\t\t\t<p>KT Engine is a latest-generation game engine.<\/p><p><span style=\"font-weight: 400;\">The result of 15 years of research <\/span><span style=\"font-weight: 400;\">and development, this proprietary technology is dedicated to the development of games for PC, ps5, xbox series x and nintendo switc<\/span><span style=\"font-weight: 400;\">h.<\/span><\/p>\t\t\t\t\t\t\t\t<\/div>\n\t\t\t\t<\/div>\n\t\t\t\t<div class=\"elementor-element elementor-element-97d62ca elementor-widget elementor-widget-heading\" data-id=\"97d62ca\" data-element_type=\"widget\" data-widget_type=\"heading.default\">\n\t\t\t\t<div class=\"elementor-widget-container\">\n\t\t\t\t\t<h2 class=\"elementor-heading-title elementor-size-default\">KT ENGINE<\/h2>\t\t\t\t<\/div>\n\t\t\t\t<\/div>\n\t\t\t\t<div class=\"elementor-element elementor-element-03f18c8 elementor-align-center BoutonLearnMore elementor-widget elementor-widget-button\" data-id=\"03f18c8\" data-element_type=\"widget\" data-widget_type=\"button.default\">\n\t\t\t\t<div class=\"elementor-widget-container\">\n\t\t\t\t\t\t\t\t\t<div class=\"elementor-button-wrapper\">\n\t\t\t\t\t<a class=\"elementor-button elementor-button-link elementor-size-md\" href=\"\/en\/technology\/\">\n\t\t\t\t\t\t<span class=\"elementor-button-content-wrapper\">\n\t\t\t\t\t\t\t\t\t<span class=\"elementor-button-text\">MORE INFORMATION<\/span>\n\t\t\t\t\t<\/span>\n\t\t\t\t\t<\/a>\n\t\t\t\t<\/div>\n\t\t\t\t\t\t\t\t<\/div>\n\t\t\t\t<\/div>\n\t\t\t\t<\/div>\n\t\t<div class=\"elementor-element elementor-element-8b23cc1 e-con-full e-flex e-con e-parent\" data-id=\"8b23cc1\" data-element_type=\"container\">\n\t\t\t\t<div class=\"elementor-element elementor-element-6a89eea elementor-widget elementor-widget-heading\" data-id=\"6a89eea\" data-element_type=\"widget\" data-widget_type=\"heading.default\">\n\t\t\t\t<div class=\"elementor-widget-container\">\n\t\t\t\t\t<h2 class=\"elementor-heading-title elementor-size-default\">Research and development<\/br>serving the automotive industry<\/h2>\t\t\t\t<\/div>\n\t\t\t\t<\/div>\n\t\t\t\t<div class=\"elementor-element elementor-element-05ad718 elementor-align-center BoutonLearnMore elementor-widget elementor-widget-button\" data-id=\"05ad718\" data-element_type=\"widget\" data-widget_type=\"button.default\">\n\t\t\t\t<div class=\"elementor-widget-container\">\n\t\t\t\t\t\t\t\t\t<div class=\"elementor-button-wrapper\">\n\t\t\t\t\t<a class=\"elementor-button elementor-button-link elementor-size-md\" href=\"\/en\/automotive\/\">\n\t\t\t\t\t\t<span class=\"elementor-button-content-wrapper\">\n\t\t\t\t\t\t\t\t\t<span class=\"elementor-button-text\">MORE INFORMATION<\/span>\n\t\t\t\t\t<\/span>\n\t\t\t\t\t<\/a>\n\t\t\t\t<\/div>\n\t\t\t\t\t\t\t\t<\/div>\n\t\t\t\t<\/div>\n\t\t\t\t<\/div>\n\t\t\t\t<\/div>","protected":false},"excerpt":{"rendered":"<p>. Nous sommes un studio de productionde jeux vid\u00e9o sp\u00e9cialiste des sports m\u00e9caniques EN SAVOIR PLUS KT Engine est un moteur de jeu derni\u00e8re g\u00e9n\u00e9ration. Issue de 15 ans de recherche et d\u00e9veloppement internes, cette technologie-propri\u00e9taire est d\u00e9di\u00e9e au d\u00e9veloppement de jeux sur PC, ps5, xbox s\u00e9ries x et nintendo switch. KT ENGINE EN SAVOIR [&hellip;]<\/p>","protected":false},"author":18,"featured_media":0,"parent":0,"menu_order":0,"comment_status":"closed","ping_status":"closed","template":"elementor_header_footer","meta":{"footnotes":""},"class_list":["post-16","page","type-page","status-publish","hentry"],"_links":{"self":[{"href":"https:\/\/staging.kylotonn.com\/en\/wp-json\/wp\/v2\/pages\/16","targetHints":{"allow":["GET"]}}],"collection":[{"href":"https:\/\/staging.kylotonn.com\/en\/wp-json\/wp\/v2\/pages"}],"about":[{"href":"https:\/\/staging.kylotonn.com\/en\/wp-json\/wp\/v2\/types\/page"}],"author":[{"embeddable":true,"href":"https:\/\/staging.kylotonn.com\/en\/wp-json\/wp\/v2\/users\/18"}],"replies":[{"embeddable":true,"href":"https:\/\/staging.kylotonn.com\/en\/wp-json\/wp\/v2\/comments?post=16"}],"version-history":[{"count":484,"href":"https:\/\/staging.kylotonn.com\/en\/wp-json\/wp\/v2\/pages\/16\/revisions"}],"predecessor-version":[{"id":9197,"href":"https:\/\/staging.kylotonn.com\/en\/wp-json\/wp\/v2\/pages\/16\/revisions\/9197"}],"wp:attachment":[{"href":"https:\/\/staging.kylotonn.com\/en\/wp-json\/wp\/v2\/media?parent=16"}],"curies":[{"name":"wp","href":"https:\/\/api.w.org\/{rel}","templated":true}]}}