{"id":61,"date":"2018-07-27T12:27:29","date_gmt":"2018-07-27T10:27:29","guid":{"rendered":"http:\/\/staging.kylotonn.com\/?page_id=61"},"modified":"2024-03-10T15:20:22","modified_gmt":"2024-03-10T14:20:22","slug":"news-2","status":"publish","type":"page","link":"https:\/\/staging.kylotonn.com\/en\/news-2\/","title":{"rendered":"News"},"content":{"rendered":"<div data-elementor-type=\"wp-page\" data-elementor-id=\"61\" class=\"elementor elementor-61\" data-elementor-post-type=\"page\">\n\t\t\t\t<div class=\"elementor-element elementor-element-5e8b68a e-con-full e-flex e-con e-parent\" data-id=\"5e8b68a\" data-element_type=\"container\">\n\t\t\t\t<div class=\"elementor-element elementor-element-197cf67 elementor-widget elementor-widget-spacer\" data-id=\"197cf67\" data-element_type=\"widget\" data-widget_type=\"spacer.default\">\n\t\t\t\t<div class=\"elementor-widget-container\">\n\t\t\t\t\t\t\t<div class=\"elementor-spacer\">\n\t\t\t<div class=\"elementor-spacer-inner\"><\/div>\n\t\t<\/div>\n\t\t\t\t\t\t<\/div>\n\t\t\t\t<\/div>\n\t\t\t\t<\/div>\n\t\t<div class=\"elementor-element elementor-element-b6e0bb4 e-con-full e-flex e-con e-parent\" data-id=\"b6e0bb4\" data-element_type=\"container\">\n\t\t\t\t<div class=\"elementor-element elementor-element-4501a5e elementor-widget elementor-widget-heading\" data-id=\"4501a5e\" data-element_type=\"widget\" data-widget_type=\"heading.default\">\n\t\t\t\t<div class=\"elementor-widget-container\">\n\t\t\t\t\t<h1 class=\"elementor-heading-title elementor-size-default\">NEWS<\/h1>\t\t\t\t<\/div>\n\t\t\t\t<\/div>\n\t\t\t\t<div class=\"elementor-element elementor-element-8c97d27 SeparateurGradient elementor-widget-divider--view-line elementor-widget elementor-widget-global elementor-global-5750 elementor-widget-divider\" data-id=\"8c97d27\" data-element_type=\"widget\" data-widget_type=\"divider.default\">\n\t\t\t\t<div class=\"elementor-widget-container\">\n\t\t\t\t\t\t\t<div class=\"elementor-divider\">\n\t\t\t<span class=\"elementor-divider-separator\">\n\t\t\t\t\t\t<\/span>\n\t\t<\/div>\n\t\t\t\t\t\t<\/div>\n\t\t\t\t<\/div>\n\t\t\t\t<\/div>\n\t\t<div class=\"elementor-element elementor-element-7e53b3b e-con-full e-flex e-con e-parent\" data-id=\"7e53b3b\" data-element_type=\"container\">\n\t\t\t\t<div class=\"elementor-element elementor-element-6c821f9 elementor-grid-tablet-1 elementor-grid-2 GalleryPostsActus elementor-grid-mobile-1 elementor-posts--thumbnail-top elementor-card-shadow-yes elementor-posts__hover-gradient load-more-align-center elementor-widget elementor-widget-posts\" data-id=\"6c821f9\" data-element_type=\"widget\" data-settings=\"{&quot;cards_columns_tablet&quot;:&quot;1&quot;,&quot;cards_columns&quot;:&quot;2&quot;,&quot;cards_row_gap&quot;:{&quot;unit&quot;:&quot;rem&quot;,&quot;size&quot;:3.75,&quot;sizes&quot;:[]},&quot;cards_row_gap_tablet&quot;:{&quot;unit&quot;:&quot;rem&quot;,&quot;size&quot;:3.125,&quot;sizes&quot;:[]},&quot;cards_row_gap_mobile&quot;:{&quot;unit&quot;:&quot;rem&quot;,&quot;size&quot;:1.875,&quot;sizes&quot;:[]},&quot;pagination_type&quot;:&quot;load_more_on_click&quot;,&quot;load_more_spinner&quot;:{&quot;value&quot;:&quot;fas fa-circle-notch&quot;,&quot;library&quot;:&quot;fa-solid&quot;},&quot;cards_columns_mobile&quot;:&quot;1&quot;}\" data-widget_type=\"posts.cards\">\n\t\t\t\t<div class=\"elementor-widget-container\">\n\t\t\t\t\t\t\t<div class=\"elementor-posts-container elementor-posts elementor-posts--skin-cards elementor-grid\" role=\"list\">\n\t\t\t\t<article class=\"elementor-post elementor-grid-item post-5274 post type-post status-publish format-standard has-post-thumbnail hentry category-news\" role=\"listitem\">\n\t\t\t<div class=\"elementor-post__card\">\n\t\t\t\t<a class=\"elementor-post__thumbnail__link\" href=\"https:\/\/staging.kylotonn.com\/en\/news\/interview-sound-designer-kevin-dedou\/\" tabindex=\"-1\" ><div class=\"elementor-post__thumbnail\"><img fetchpriority=\"high\" decoding=\"async\" width=\"2560\" height=\"1707\" src=\"https:\/\/staging.kylotonn.com\/wp-content\/uploads\/2023\/11\/Kevinok2-scaled.jpg\" class=\"attachment-full size-full wp-image-5277\" alt=\"\" srcset=\"https:\/\/staging.kylotonn.com\/wp-content\/uploads\/2023\/11\/Kevinok2-scaled.jpg 2560w, https:\/\/staging.kylotonn.com\/wp-content\/uploads\/2023\/11\/Kevinok2-300x200.jpg 300w, https:\/\/staging.kylotonn.com\/wp-content\/uploads\/2023\/11\/Kevinok2-1024x683.jpg 1024w, https:\/\/staging.kylotonn.com\/wp-content\/uploads\/2023\/11\/Kevinok2-768x512.jpg 768w, https:\/\/staging.kylotonn.com\/wp-content\/uploads\/2023\/11\/Kevinok2-1536x1024.jpg 1536w, https:\/\/staging.kylotonn.com\/wp-content\/uploads\/2023\/11\/Kevinok2-2048x1365.jpg 2048w, https:\/\/staging.kylotonn.com\/wp-content\/uploads\/2023\/11\/Kevinok2-18x12.jpg 18w\" sizes=\"(max-width: 2560px) 100vw, 2560px\" \/><\/div><\/a>\n\t\t\t\t<div class=\"elementor-post__text\">\n\t\t\t\t<h3 class=\"elementor-post__title\">\n\t\t\t<a href=\"https:\/\/staging.kylotonn.com\/en\/news\/interview-sound-designer-kevin-dedou\/\" >\n\t\t\t\tSound Designer Interview - Kevin Dedou.\t\t\t<\/a>\n\t\t<\/h3>\n\t\t\t\t<div class=\"elementor-post__excerpt\">\n\t\t\t<p>Would you like to find out more about the Sound Designer job at Kylotonn?<br \/>\nKevin Dedou tells you more. <\/p>\n\t\t<\/div>\n\t\t\t\t\t<div class=\"elementor-post__read-more-wrapper\">\n\t\t\n\t\t<a class=\"elementor-post__read-more\" href=\"https:\/\/staging.kylotonn.com\/en\/news\/interview-sound-designer-kevin-dedou\/\" aria-label=\"Read more about Interview Sound Designer &#8211; Kevin Dedou.\" tabindex=\"-1\" >\n\t\t\tRead \u2794\t\t<\/a>\n\n\t\t\t\t\t<\/div>\n\t\t\t\t<\/div>\n\t\t\t\t\t<\/div>\n\t\t<\/article>\n\t\t\t\t<article class=\"elementor-post elementor-grid-item post-5260 post type-post status-publish format-standard has-post-thumbnail hentry category-news\" role=\"listitem\">\n\t\t\t<div class=\"elementor-post__card\">\n\t\t\t\t<a class=\"elementor-post__thumbnail__link\" href=\"https:\/\/staging.kylotonn.com\/en\/news\/test-drive-unlimited-solar-crown-presented-at-gamescom\/\" tabindex=\"-1\" ><div class=\"elementor-post__thumbnail\"><img decoding=\"async\" width=\"2048\" height=\"1410\" src=\"https:\/\/staging.kylotonn.com\/wp-content\/uploads\/2023\/10\/241fc4d1-1b5a-4747-a52f-40b4d7e4445f-1-1.jpg\" class=\"attachment-full size-full wp-image-5262\" alt=\"\" srcset=\"https:\/\/staging.kylotonn.com\/wp-content\/uploads\/2023\/10\/241fc4d1-1b5a-4747-a52f-40b4d7e4445f-1-1.jpg 2048w, https:\/\/staging.kylotonn.com\/wp-content\/uploads\/2023\/10\/241fc4d1-1b5a-4747-a52f-40b4d7e4445f-1-1-300x207.jpg 300w, https:\/\/staging.kylotonn.com\/wp-content\/uploads\/2023\/10\/241fc4d1-1b5a-4747-a52f-40b4d7e4445f-1-1-1024x705.jpg 1024w, https:\/\/staging.kylotonn.com\/wp-content\/uploads\/2023\/10\/241fc4d1-1b5a-4747-a52f-40b4d7e4445f-1-1-768x529.jpg 768w, https:\/\/staging.kylotonn.com\/wp-content\/uploads\/2023\/10\/241fc4d1-1b5a-4747-a52f-40b4d7e4445f-1-1-1536x1058.jpg 1536w, https:\/\/staging.kylotonn.com\/wp-content\/uploads\/2023\/10\/241fc4d1-1b5a-4747-a52f-40b4d7e4445f-1-1-18x12.jpg 18w\" sizes=\"(max-width: 2048px) 100vw, 2048px\" \/><\/div><\/a>\n\t\t\t\t<div class=\"elementor-post__text\">\n\t\t\t\t<h3 class=\"elementor-post__title\">\n\t\t\t<a href=\"https:\/\/staging.kylotonn.com\/en\/news\/test-drive-unlimited-solar-crown-presented-at-gamescom\/\" >\n\t\t\t\tTest Drive Unlimited Solar Crown presented at Gamescom\t\t\t<\/a>\n\t\t<\/h3>\n\t\t\t\t<div class=\"elementor-post__excerpt\">\n\t\t\t<p>Kylotonn and Nacon were at Gamescom to present the game to a wide variety of media and partners.<\/p>\n\t\t<\/div>\n\t\t\t\t\t<div class=\"elementor-post__read-more-wrapper\">\n\t\t\n\t\t<a class=\"elementor-post__read-more\" href=\"https:\/\/staging.kylotonn.com\/en\/news\/test-drive-unlimited-solar-crown-presented-at-gamescom\/\" aria-label=\"Read more about Test Drive Unlimited Solar Crown pr\u00e9sent\u00e9 \u00e0 la Gamescom\" tabindex=\"-1\" >\n\t\t\tRead \u2794\t\t<\/a>\n\n\t\t\t\t\t<\/div>\n\t\t\t\t<\/div>\n\t\t\t\t\t<\/div>\n\t\t<\/article>\n\t\t\t\t<article class=\"elementor-post elementor-grid-item post-5237 post type-post status-publish format-standard has-post-thumbnail hentry category-news\" role=\"listitem\">\n\t\t\t<div class=\"elementor-post__card\">\n\t\t\t\t<a class=\"elementor-post__thumbnail__link\" href=\"https:\/\/staging.kylotonn.com\/en\/news\/interview-with-christophe-mezerette\/\" tabindex=\"-1\" ><div class=\"elementor-post__thumbnail\"><img decoding=\"async\" width=\"1707\" height=\"2560\" src=\"https:\/\/staging.kylotonn.com\/wp-content\/uploads\/2023\/08\/image-scaled.jpg\" class=\"attachment-full size-full wp-image-5240\" alt=\"\" srcset=\"https:\/\/staging.kylotonn.com\/wp-content\/uploads\/2023\/08\/image-scaled.jpg 1707w, https:\/\/staging.kylotonn.com\/wp-content\/uploads\/2023\/08\/image-200x300.jpg 200w, https:\/\/staging.kylotonn.com\/wp-content\/uploads\/2023\/08\/image-683x1024.jpg 683w, https:\/\/staging.kylotonn.com\/wp-content\/uploads\/2023\/08\/image-768x1152.jpg 768w, https:\/\/staging.kylotonn.com\/wp-content\/uploads\/2023\/08\/image-1024x1536.jpg 1024w, https:\/\/staging.kylotonn.com\/wp-content\/uploads\/2023\/08\/image-1365x2048.jpg 1365w, https:\/\/staging.kylotonn.com\/wp-content\/uploads\/2023\/08\/image-8x12.jpg 8w\" sizes=\"(max-width: 1707px) 100vw, 1707px\" \/><\/div><\/a>\n\t\t\t\t<div class=\"elementor-post__text\">\n\t\t\t\t<h3 class=\"elementor-post__title\">\n\t\t\t<a href=\"https:\/\/staging.kylotonn.com\/en\/news\/interview-with-christophe-mezerette\/\" >\n\t\t\t\tInterview gameplay programmer  - Christophe M\u00e9zerette.\t\t\t<\/a>\n\t\t<\/h3>\n\t\t\t\t<div class=\"elementor-post__excerpt\">\n\t\t\t<p>Would you like to find out more about working as a gameplay programmer at Kylotonn?<br \/>\nChristophe M\u00e9zerette tells you more.<\/p>\n\t\t<\/div>\n\t\t\t\t\t<div class=\"elementor-post__read-more-wrapper\">\n\t\t\n\t\t<a class=\"elementor-post__read-more\" href=\"https:\/\/staging.kylotonn.com\/en\/news\/interview-with-christophe-mezerette\/\" aria-label=\"Read more about Interview programmeur Gameplay &#8211; Christophe M\u00e9zerette.\" tabindex=\"-1\" >\n\t\t\tRead \u2794\t\t<\/a>\n\n\t\t\t\t\t<\/div>\n\t\t\t\t<\/div>\n\t\t\t\t\t<\/div>\n\t\t<\/article>\n\t\t\t\t<article class=\"elementor-post elementor-grid-item post-5221 post type-post status-publish format-standard has-post-thumbnail hentry category-news-en\" role=\"listitem\">\n\t\t\t<div class=\"elementor-post__card\">\n\t\t\t\t<a class=\"elementor-post__thumbnail__link\" href=\"https:\/\/staging.kylotonn.com\/en\/news-in\/moto-racing\/\" tabindex=\"-1\" ><div class=\"elementor-post__thumbnail\"><img loading=\"lazy\" decoding=\"async\" width=\"1080\" height=\"1350\" src=\"https:\/\/staging.kylotonn.com\/wp-content\/uploads\/2023\/07\/F138j7YWAAEbz_g.jpg\" class=\"attachment-full size-full wp-image-5222\" alt=\"\" srcset=\"https:\/\/staging.kylotonn.com\/wp-content\/uploads\/2023\/07\/F138j7YWAAEbz_g.jpg 1080w, https:\/\/staging.kylotonn.com\/wp-content\/uploads\/2023\/07\/F138j7YWAAEbz_g-240x300.jpg 240w, https:\/\/staging.kylotonn.com\/wp-content\/uploads\/2023\/07\/F138j7YWAAEbz_g-819x1024.jpg 819w, https:\/\/staging.kylotonn.com\/wp-content\/uploads\/2023\/07\/F138j7YWAAEbz_g-768x960.jpg 768w, https:\/\/staging.kylotonn.com\/wp-content\/uploads\/2023\/07\/F138j7YWAAEbz_g-10x12.jpg 10w\" sizes=\"(max-width: 1080px) 100vw, 1080px\" \/><\/div><\/a>\n\t\t\t\t<div class=\"elementor-post__text\">\n\t\t\t\t<h3 class=\"elementor-post__title\">\n\t\t\t<a href=\"https:\/\/staging.kylotonn.com\/en\/news-in\/moto-racing\/\" >\n\t\t\t\tNew licence for Kylotonn!\t\t\t<\/a>\n\t\t<\/h3>\n\t\t\t\t<div class=\"elementor-post__excerpt\">\n\t\t\t<p>Nacon announces an agreement with Infront Moto Racing for the acquisition of the MXGP licence, the official game of the FIM Motocross World Championship<\/p>\n\t\t<\/div>\n\t\t\t\t\t<div class=\"elementor-post__read-more-wrapper\">\n\t\t\n\t\t<a class=\"elementor-post__read-more\" href=\"https:\/\/staging.kylotonn.com\/en\/news-in\/moto-racing\/\" aria-label=\"Read more about Nouvelle licence pour Kylotonn !\" tabindex=\"-1\" >\n\t\t\tRead \u2794\t\t<\/a>\n\n\t\t\t\t\t<\/div>\n\t\t\t\t<\/div>\n\t\t\t\t\t<\/div>\n\t\t<\/article>\n\t\t\t\t<\/div>\n\t\t\t\t\t<span class=\"e-load-more-spinner\">\n\t\t\t\t<i aria-hidden=\"true\" class=\"fas fa-circle-notch\"><\/i>\t\t\t<\/span>\n\t\t\n\t\t\t\t<div class=\"e-load-more-anchor\" data-page=\"1\" data-max-page=\"7\" data-next-page=\"https:\/\/staging.kylotonn.com\/wp-json\/wp\/v2\/pages\/61\/page\/2\/\"><\/div>\n\t\t\t\t<div class=\"elementor-button-wrapper\">\n\t\t\t<a class=\"elementor-button elementor-size-sm\" role=\"button\">\n\t\t\t\t\t\t<span class=\"elementor-button-content-wrapper\">\n\t\t\t\t\t\t\t\t\t<span class=\"elementor-button-text\">More news<\/span>\n\t\t\t\t\t<\/span>\n\t\t\t\t\t<\/a>\n\t\t<\/div>\n\t\t\t\t<div class=\"e-load-more-message\"><\/div>\n\t\t\t\t\t\t<\/div>\n\t\t\t\t<\/div>\n\t\t\t\t<\/div>\n\t\t\t\t<\/div>","protected":false},"excerpt":{"rendered":"<p>NEWS<\/p>","protected":false},"author":18,"featured_media":0,"parent":0,"menu_order":0,"comment_status":"closed","ping_status":"closed","template":"","meta":{"footnotes":""},"class_list":["post-61","page","type-page","status-publish","hentry"],"_links":{"self":[{"href":"https:\/\/staging.kylotonn.com\/en\/wp-json\/wp\/v2\/pages\/61","targetHints":{"allow":["GET"]}}],"collection":[{"href":"https:\/\/staging.kylotonn.com\/en\/wp-json\/wp\/v2\/pages"}],"about":[{"href":"https:\/\/staging.kylotonn.com\/en\/wp-json\/wp\/v2\/types\/page"}],"author":[{"embeddable":true,"href":"https:\/\/staging.kylotonn.com\/en\/wp-json\/wp\/v2\/users\/18"}],"replies":[{"embeddable":true,"href":"https:\/\/staging.kylotonn.com\/en\/wp-json\/wp\/v2\/comments?post=61"}],"version-history":[{"count":228,"href":"https:\/\/staging.kylotonn.com\/en\/wp-json\/wp\/v2\/pages\/61\/revisions"}],"predecessor-version":[{"id":8917,"href":"https:\/\/staging.kylotonn.com\/en\/wp-json\/wp\/v2\/pages\/61\/revisions\/8917"}],"wp:attachment":[{"href":"https:\/\/staging.kylotonn.com\/en\/wp-json\/wp\/v2\/media?parent=61"}],"curies":[{"name":"wp","href":"https:\/\/api.w.org\/{rel}","templated":true}]}}